{"id":7916,"date":"2025-12-25T12:22:04","date_gmt":"2025-12-25T11:22:04","guid":{"rendered":"https:\/\/www.booker.rs\/?post_type=product&#038;p=7916"},"modified":"2025-12-25T12:22:05","modified_gmt":"2025-12-25T11:22:05","slug":"danko-popovic-4-knjige","status":"publish","type":"product","link":"https:\/\/www.booker.rs\/index.php\/proizvod\/danko-popovic-4-knjige\/","title":{"rendered":"Danko Popovi\u0107 &#8211; 4 knjige"},"content":{"rendered":"<h1><span>Danko Popovi\u0107 &#8211; 4 knjige <\/span><\/h1>\n<p><span>Danko Popovi\u0107 je pisac u \u010dijem se celokupnom proznom opusu na umetni\u010dki relevantan na\u010din sa\u017eima nekoliko tema i osvetljavaju su\u0161tinska egzistencijalna, istorijska i moralna pitanja vezana za sudbinu srpskog naroda.<\/span><\/p>\n<ol>\n<li>Pripovetke<\/li>\n<li>Gospodari<\/li>\n<li>Kukurek i kost<\/li>\n<li>Konak u Kragujevcu<\/li>\n<\/ol>\n","protected":false},"excerpt":{"rendered":"<ul>\n<li>Bro\u0161 povez<\/li>\n<li>\u0106irilica<\/li>\n<li>4 knjige<\/li>\n<\/ul>\n","protected":false},"featured_media":7917,"template":"","meta":[],"product_brand":[],"product_cat":[452,67,40],"product_tag":[],"class_list":{"0":"post-7916","1":"product","2":"type-product","3":"status-publish","4":"has-post-thumbnail","6":"product_cat-danko-popovic","7":"product_cat-kompleti","8":"product_cat-svi-proizvodi","10":"first","11":"instock","12":"sale","13":"shipping-taxable","14":"purchasable","15":"product-type-simple"},"aioseo_notices":[],"jetpack_sharing_enabled":true,"_links":{"self":[{"href":"https:\/\/www.booker.rs\/index.php\/wp-json\/wp\/v2\/product\/7916","targetHints":{"allow":["GET"]}}],"collection":[{"href":"https:\/\/www.booker.rs\/index.php\/wp-json\/wp\/v2\/product"}],"about":[{"href":"https:\/\/www.booker.rs\/index.php\/wp-json\/wp\/v2\/types\/product"}],"wp:featuredmedia":[{"embeddable":true,"href":"https:\/\/www.booker.rs\/index.php\/wp-json\/wp\/v2\/media\/7917"}],"wp:attachment":[{"href":"https:\/\/www.booker.rs\/index.php\/wp-json\/wp\/v2\/media?parent=7916"}],"wp:term":[{"taxonomy":"product_brand","embeddable":true,"href":"https:\/\/www.booker.rs\/index.php\/wp-json\/wp\/v2\/product_brand?post=7916"},{"taxonomy":"product_cat","embeddable":true,"href":"https:\/\/www.booker.rs\/index.php\/wp-json\/wp\/v2\/product_cat?post=7916"},{"taxonomy":"product_tag","embeddable":true,"href":"https:\/\/www.booker.rs\/index.php\/wp-json\/wp\/v2\/product_tag?post=7916"}],"curies":[{"name":"wp","href":"https:\/\/api.w.org\/{rel}","templated":true}]}}