{"id":4338,"date":"2023-06-29T20:12:09","date_gmt":"2023-06-29T18:12:09","guid":{"rendered":"https:\/\/www.booker.rs\/?post_type=product&#038;p=4338"},"modified":"2024-11-26T15:42:46","modified_gmt":"2024-11-26T14:42:46","slug":"komplet-3-knjige-momo-kapor-011-istok-zapad-i-halo-beograd","status":"publish","type":"product","link":"https:\/\/www.booker.rs\/index.php\/proizvod\/komplet-3-knjige-momo-kapor-011-istok-zapad-i-halo-beograd\/","title":{"rendered":"Beogradska trilogija &#8211; Momo Kapor"},"content":{"rendered":"<h1>Beogradska trilogija &#8211; Momo Kapor<\/h1>\n<p><span><strong>Knjiga 011<\/strong>\u00a0(pozivni broj za Beograd) pripada krugu dela posve\u0107enih glavnom gradu i njegovim stanovnicima, njihovom na\u010dinu \u017eivota i mentalitetu.<\/span><br \/>\n<span>011 je svojevrstan vodi\u010d, koji u nizu kratkih odlomaka, uvodi \u010ditaoca u beogradske tajne, bave\u0107i se \u201esitnicama koje \u017eivot zna\u010de\u201c. Glavni junak ove knjige je jedinstveni i neuni\u0161tivi duh Beograda u svim njegovim oblicima.<\/span><br \/>\n<span>Kao i mnoge druge knjige, koje je napisao, Kapor je ilustrovao i ovu, obiljem vinjeta i crte\u017ea, koji dopunjuju i zaokru\u017euju njegov svet.<\/span><\/p>\n<p><span>\u201eVolim, na izvestan na\u010din, svoj mali ludi Beograd! U nekom normalnijem gradu mislim da bih skapao od dosade.\u201d<\/span><\/p>\n<p>&nbsp;<\/p>\n<p><span><strong>Knjiga Istok-Zapad<\/strong> pripada krugu dela posve\u0107enih Beogradu i njegovim stanovnicima, izme\u0111u dva velika antagonisti\u010dka sveta. To je svojevrstan vodi\u010d, koji u nizu kratkih odlomaka, uvodi \u010ditaoca u beogradske tajne, bave\u0107i se \u201esitnicama koje \u017eivot zna\u010de\u201c.<\/span><\/p>\n<p>U na\u0161oj ku\u0107i me\u0161aju se Istok i Zapad. Ku\u0107a je, naime, postavljena ba\u0161 tako, na samoj raskrsnici.<\/p>\n<p><span>\u201e<\/span>Kad s vremena na vreme prevlada Zapad u nama, procveta privatna trgovina, u izlozima svega i sva\u010dega, osile se novope\u010deni bogata\u0161i i tada se budi Istok, zabrinut za put u socijalizam.<\/p>\n<p>Tada na\u0161 Istok po\u010dne da razrezuje poreze, uvodi mere, menja zakone, popunjava kriminalne hronike, sve dok na\u0161 Zapad ne pokupi ulo\u017eene pare i zbri\u0161e na njihov Zapad, \u010dekaju\u0107i povoljan trenutak da se vrati.<\/p>\n<p>\u010cini mi se da \u010ditavog \u017eivota igram na razapetoj \u017eici izme\u0111u dve velike tvr\u0111ave.<\/p>\n<p>Kroz ku\u0107u mi duvaju isto\u010dni i zapadni vetrovi, nemam gde da se sklonim od promaje&#8230;<span>\u201d<\/span><\/p>\n<p>&nbsp;<\/p>\n<p><strong>Knjiga Halo, Beograd<\/strong> je<span> zavr\u0161ni deo trilogije zapisa o Beogra\u0111anima, o njihovom gradu i \u017eivotu u njemu.<\/span><span>\u00a0Tekstovi su objavljivani u popularnoj nedel\u0458noj rubrici \u201e011\u201d, koju je u listu Politika godinama vodio beogradski pisac i slikar Momo Kapor. Svoje delo autor je ilustrovao mno\u0161tvom crno-belih crte\u017ea.<\/span><br \/>\n<span>Ova knjiga poma\u017ee Beogra\u0111anima u tu\u0111ini da ne zaborave svoj grad. Ona je, tako\u0111e, i podsetnik na jedan Beograd koga vi\u0161e nema. Literarni telefonski imenik sastavl\u0458en od i\u0161\u010dezlih lica, li\u010dnosti, melodija, mesta i doga\u0111aja \u2013 svega onog sa \u010dime smo odrasli&#8230;<\/span><\/p>\n<p><span>\u201e<\/span>Beograd nije sav u Beogradu! Mnogo ve\u0107i deo Beograda jeste u \u010de\u017enji za Beogradom, koja ga \u010dini ve\u0107im i lep\u0161im nego \u0161to u stvari jeste. Beograd nije u Beogradu jer Beograd i nije samo grad \u2013 on je metafora, poseban na\u010din \u017eivota, ugao gledanja na stvari.<\/p>\n<p>Beograd je u ideji koja oplo\u0111ava svet gde god se prenese njegov duh. On je u nekom vicu, u slu\u010dajnom gestu, u uro\u0111enoj le\u017eernosti sa kojom se primaju pobede i porazi, tamo gde je jedinica za merenje stila \u2013 \u0161arm!<\/p>\n<p>Beograd je rasut na sve \u010detiri strane sveta. \u010ceznem da jednoga dana svi ovi Beogradi budu na okupu&#8230;<span>\u201d<\/span><\/p>\n<p><span>Mo\u017eda je knjiga Halo, Beograd poku\u0161aj da se to ostvari?\u00a0<\/span><\/p>\n","protected":false},"excerpt":{"rendered":"<ul>\n<li>Bro\u0161 povez<\/li>\n<li>168<\/li>\n<li>325<\/li>\n<li>235<\/li>\n<\/ul>\n","protected":false},"featured_media":5276,"template":"","meta":[],"product_brand":[],"product_cat":[67,63,40],"product_tag":[407,238,408,49,48,409],"class_list":{"0":"post-4338","1":"product","2":"type-product","3":"status-publish","4":"has-post-thumbnail","6":"product_cat-kompleti","7":"product_cat-momo-kapor","8":"product_cat-svi-proizvodi","9":"product_tag-407","10":"product_tag-beograd","11":"product_tag-istok","12":"product_tag-kapor","13":"product_tag-momo","14":"product_tag-zapad","16":"first","17":"instock","18":"sale","19":"shipping-taxable","20":"purchasable","21":"product-type-simple"},"aioseo_notices":[],"jetpack_sharing_enabled":true,"_links":{"self":[{"href":"https:\/\/www.booker.rs\/index.php\/wp-json\/wp\/v2\/product\/4338","targetHints":{"allow":["GET"]}}],"collection":[{"href":"https:\/\/www.booker.rs\/index.php\/wp-json\/wp\/v2\/product"}],"about":[{"href":"https:\/\/www.booker.rs\/index.php\/wp-json\/wp\/v2\/types\/product"}],"wp:featuredmedia":[{"embeddable":true,"href":"https:\/\/www.booker.rs\/index.php\/wp-json\/wp\/v2\/media\/5276"}],"wp:attachment":[{"href":"https:\/\/www.booker.rs\/index.php\/wp-json\/wp\/v2\/media?parent=4338"}],"wp:term":[{"taxonomy":"product_brand","embeddable":true,"href":"https:\/\/www.booker.rs\/index.php\/wp-json\/wp\/v2\/product_brand?post=4338"},{"taxonomy":"product_cat","embeddable":true,"href":"https:\/\/www.booker.rs\/index.php\/wp-json\/wp\/v2\/product_cat?post=4338"},{"taxonomy":"product_tag","embeddable":true,"href":"https:\/\/www.booker.rs\/index.php\/wp-json\/wp\/v2\/product_tag?post=4338"}],"curies":[{"name":"wp","href":"https:\/\/api.w.org\/{rel}","templated":true}]}}