{"id":3875,"date":"2023-03-01T12:45:22","date_gmt":"2023-03-01T11:45:22","guid":{"rendered":"https:\/\/www.booker.rs\/?post_type=product&#038;p=3875"},"modified":"2024-09-07T17:19:14","modified_gmt":"2024-09-07T15:19:14","slug":"komplet-4-grafike-m-kapor-sa-paspartuom-autentifikovano","status":"publish","type":"product","link":"https:\/\/www.booker.rs\/index.php\/proizvod\/komplet-4-grafike-m-kapor-sa-paspartuom-autentifikovano\/","title":{"rendered":"KOMPLET 4 GRAFIKE &#8211; M. Kapor &#8211; sa paspartuom &#8211; autentifikovano"},"content":{"rendered":"<h4>KOMPLET 4 GRAFIKE &#8211; M. Kapor &#8211; Grafika sa paspartuom &#8211; autentifikovano<\/h4>\n<p>Komplet 4 grafike Momo Kapor, reprodukcije<\/p>\n<ol>\n<li>O\u010dekivanje<\/li>\n<li>Nata\u0161a<\/li>\n<li>Zagrljaj<\/li>\n<li>Materinstvo<\/li>\n<\/ol>\n<p>Reprodukcije su autentifikovane (pe\u010datirane) od strane &#8222;Zadu\u017ebine Momo Kapor&#8220;.<\/p>\n<p>Grafika se prodaje uz paspartu, uramljena.<\/p>\n<p><span>Ro\u0111en je u Sarajevu 1937<\/span><a href=\"https:\/\/sr.wikipedia.org\/wiki\/1937\" title=\"1937\"><\/a><span>. godine od majke Bojane Kapor i oca Gojka Kapora. Po maturiranju Kapor se odlu\u010duje za studije slikarstva. Diplomirao je slikarstvo 1961<a href=\"https:\/\/sr.wikipedia.org\/wiki\/1961\" title=\"1961\"><\/a>. godine na beogradskoj\u00a0<a href=\"https:\/\/sr.wikipedia.org\/wiki\/%D0%A4%D0%B0%D0%BA%D1%83%D0%BB%D1%82%D0%B5%D1%82_%D0%BB%D0%B8%D0%BA%D0%BE%D0%B2%D0%BD%D0%B8%D1%85_%D1%83%D0%BC%D0%B5%D1%82%D0%BD%D0%BE%D1%81%D1%82%D0%B8_%D0%A3%D0%BD%D0%B8%D0%B2%D0%B5%D1%80%D0%B7%D0%B8%D1%82%D0%B5%D1%82%D0%B0_%D1%83%D0%BC%D0%B5%D1%82%D0%BD%D0%BE%D1%81%D1%82%D0%B8_%D1%83_%D0%91%D0%B5%D0%BE%D0%B3%D1%80%D0%B0%D0%B4%D1%83\" title=\"Fakultet likovnih umetnosti Univerziteta umetnosti u Beogradu\">Akademiji likovnih umetnosti<\/a>\u00a0u klasi profesora Nedeljka Gvozdeni\u0107a<a href=\"https:\/\/sr.wikipedia.org\/wiki\/%D0%9D%D0%B5%D0%B4%D0%B5%D1%99%D0%BA%D0%BE_%D0%93%D0%B2%D0%BE%D0%B7%D0%B4%D0%B5%D0%BD%D0%BE%D0%B2%D0%B8%D1%9B\" title=\"Nedeljko Gvozdenovi\u0107\"><\/a>\u00a0sa prose\u010dnom ocenom 9,9.<\/span><\/p>\n<p><span>Supruga slavnog umetnika, Ljiljana Kapor, osnovala je Zadu\u017ebinu<\/span><span>\u00a0\u201eMomo Kapor\u201c u novembru <\/span><span>2010. godine i ustanovila\u00a0<\/span><i>godi\u0161nju nagradu<\/i><span>\u00a0iz oblasti knji\u017eevnosti i likovne umetnosti koja nosi njegovo ime, kao i festival \u201eMomin krug\u201c koji \u0107e se tradicionalno odr\u017eavati svake godine po\u010detkom septembra.<\/span><\/p>\n<p>Knjige Mome Kapora u na\u0161oj ponudi <a href=\"https:\/\/www.booker.rs\/index.php\/kategorija-proizvoda\/knjige\/momo-kapor\/\">https:\/\/www.booker.rs\/index.php\/kategorija-proizvoda\/knjige\/momo-kapor\/<\/a><\/p>\n<p>Reprodukcije Mome Kapora u na\u0161oj ponudi <a href=\"https:\/\/www.booker.rs\/index.php\/kategorija-proizvoda\/grafike\/\">https:\/\/www.booker.rs\/index.php\/kategorija-proizvoda\/grafike\/<\/a><\/p>\n","protected":false},"excerpt":{"rendered":"<ul>\n<li>Komplet 4 reprodukcije<\/li>\n<li>Dimenzije rama 30 x 40 cm<\/li>\n<li>Dimenzija grafike 25 x 35 cm<\/li>\n<li>Paspartu<\/li>\n<li>Ram<\/li>\n<li>Pe\u010dat<\/li>\n<\/ul>\n","protected":false},"featured_media":4303,"template":"","meta":[],"product_brand":[],"product_cat":[84,67,63,40],"product_tag":[345,49,91,344,346],"class_list":{"0":"post-3875","1":"product","2":"type-product","3":"status-publish","4":"has-post-thumbnail","6":"product_cat-grafike","7":"product_cat-kompleti","8":"product_cat-momo-kapor","9":"product_cat-svi-proizvodi","10":"product_tag-grafike","11":"product_tag-kapor","12":"product_tag-komplet","13":"product_tag-momo-kapor","14":"product_tag-reprodukcije","16":"first","17":"outofstock","18":"sale","19":"shipping-taxable","20":"purchasable","21":"product-type-simple"},"aioseo_notices":[],"jetpack_sharing_enabled":true,"_links":{"self":[{"href":"https:\/\/www.booker.rs\/index.php\/wp-json\/wp\/v2\/product\/3875","targetHints":{"allow":["GET"]}}],"collection":[{"href":"https:\/\/www.booker.rs\/index.php\/wp-json\/wp\/v2\/product"}],"about":[{"href":"https:\/\/www.booker.rs\/index.php\/wp-json\/wp\/v2\/types\/product"}],"wp:featuredmedia":[{"embeddable":true,"href":"https:\/\/www.booker.rs\/index.php\/wp-json\/wp\/v2\/media\/4303"}],"wp:attachment":[{"href":"https:\/\/www.booker.rs\/index.php\/wp-json\/wp\/v2\/media?parent=3875"}],"wp:term":[{"taxonomy":"product_brand","embeddable":true,"href":"https:\/\/www.booker.rs\/index.php\/wp-json\/wp\/v2\/product_brand?post=3875"},{"taxonomy":"product_cat","embeddable":true,"href":"https:\/\/www.booker.rs\/index.php\/wp-json\/wp\/v2\/product_cat?post=3875"},{"taxonomy":"product_tag","embeddable":true,"href":"https:\/\/www.booker.rs\/index.php\/wp-json\/wp\/v2\/product_tag?post=3875"}],"curies":[{"name":"wp","href":"https:\/\/api.w.org\/{rel}","templated":true}]}}