{"id":1082,"date":"2021-12-08T08:56:16","date_gmt":"2021-12-08T07:56:16","guid":{"rendered":"https:\/\/www.booker.rs\/?post_type=product&#038;p=1082"},"modified":"2023-10-04T10:42:17","modified_gmt":"2023-10-04T08:42:17","slug":"saznaj-ko-su-komplet-4-knjige","status":"publish","type":"product","link":"https:\/\/www.booker.rs\/index.php\/proizvod\/saznaj-ko-su-komplet-4-knjige\/","title":{"rendered":"Saznaj ko su &#8211; Komplet 4 knjige"},"content":{"rendered":"<h1>Saznaj ko su &#8211; Komplet 4 knjige<\/h1>\n<ol>\n<li><span>Stari Egip\u0107ani &#8211; Stari Egipat je oduvek izazivao divljenje. To je zemlja tajanstvenih grovnica, skrivenog blaga i zastra\u0161uju\u0107ih bo\u017eanstava sa \u017eivotinjskim licima. Me\u0111utim, kakvi su zaista bili ljudi koji su tamo \u017eiveli i koji su predmeti iz Starog Egipta koji nas i danas okru\u017euju, otkrijte u ovoj knjizi.<\/span><\/li>\n<li><span>Stari Rimljani &#8211; stvorili su jedinstveni svet pre vi\u0161e od dve hiljade godina. Mnoge stvari koje su Rimljani stvorili postoje i danas. Na\u0161e gra\u0111evine, na\u0161e pismo i meseci u godini, nastali su po uzoru na njihove. Ova knjiga otkriva kako je sve po\u010delo.<\/span><\/li>\n<li><span>Stari Grci &#8211; Ova knjiga otkriva ko su bili Stari Grci, gde i kada su \u017eiveli, kako je izgledao njihov svakodnevni \u017eivot, bavi se surovim Spartancioma, skupovima u Atini, idejama i pronalascima Starih Grka, prvim Olimpijskim igrama i sl.<\/span><\/li>\n<li>Vikinzi &#8211; <span>Prvi plja\u010dka\u0161i koji su napadali Engleski i druge zemlje Zapadne Evrope su dolazi sa seveta. Pisci sa Islanda su plja\u010dka\u0161e nazvali \u201eVikinzi\u201c. Danas su surovi plja\u010dka\u0161i iz Norve\u0161ke, \u0160vedske i Danske svima poznati pod tim imenom, a ova knjiga otkriva ko su oni, kako su \u017eiveli i ko si njihovi dana\u0161nji potpmci.<\/span><\/li>\n<\/ol>\n","protected":false},"excerpt":{"rendered":"<ul>\n<li>Tvrdi povez<\/li>\n<li>\u0106irilica<\/li>\n<li>18 x 24 cm<\/li>\n<li>32 str.<\/li>\n<\/ul>\n","protected":false},"featured_media":4869,"template":"","meta":[],"product_brand":[],"product_cat":[210,40],"product_tag":[213,212,91,214,211,183],"class_list":{"0":"post-1082","1":"product","2":"type-product","3":"status-publish","4":"has-post-thumbnail","6":"product_cat-knjige-za-decu","7":"product_cat-svi-proizvodi","8":"product_tag-grci","9":"product_tag-knjige-za-decu","10":"product_tag-komplet","11":"product_tag-rimljani","12":"product_tag-stari","13":"product_tag-vikinzi","15":"first","16":"instock","17":"sale","18":"shipping-taxable","19":"purchasable","20":"product-type-simple"},"aioseo_notices":[],"jetpack_sharing_enabled":true,"_links":{"self":[{"href":"https:\/\/www.booker.rs\/index.php\/wp-json\/wp\/v2\/product\/1082","targetHints":{"allow":["GET"]}}],"collection":[{"href":"https:\/\/www.booker.rs\/index.php\/wp-json\/wp\/v2\/product"}],"about":[{"href":"https:\/\/www.booker.rs\/index.php\/wp-json\/wp\/v2\/types\/product"}],"wp:featuredmedia":[{"embeddable":true,"href":"https:\/\/www.booker.rs\/index.php\/wp-json\/wp\/v2\/media\/4869"}],"wp:attachment":[{"href":"https:\/\/www.booker.rs\/index.php\/wp-json\/wp\/v2\/media?parent=1082"}],"wp:term":[{"taxonomy":"product_brand","embeddable":true,"href":"https:\/\/www.booker.rs\/index.php\/wp-json\/wp\/v2\/product_brand?post=1082"},{"taxonomy":"product_cat","embeddable":true,"href":"https:\/\/www.booker.rs\/index.php\/wp-json\/wp\/v2\/product_cat?post=1082"},{"taxonomy":"product_tag","embeddable":true,"href":"https:\/\/www.booker.rs\/index.php\/wp-json\/wp\/v2\/product_tag?post=1082"}],"curies":[{"name":"wp","href":"https:\/\/api.w.org\/{rel}","templated":true}]}}